{"id":93,"date":"2026-02-25T08:28:11","date_gmt":"2026-02-25T07:28:11","guid":{"rendered":"https:\/\/carsan-nature.org\/?page_id=93"},"modified":"2026-02-25T08:29:27","modified_gmt":"2026-02-25T07:29:27","slug":"galerie-participative","status":"publish","type":"page","link":"https:\/\/carsan-nature.org\/?page_id=93","title":{"rendered":"Galerie participative"},"content":{"rendered":"\n<p>Ici, prochainement vos photos et commentaires sur la faune et la flore du territoire (\u00e9largi \u00e0 la for\u00eat de Valbonne).<\/p>\n","protected":false},"excerpt":{"rendered":"<p>Ici, prochainement vos photos et commentaires sur la faune et la flore du territoire (\u00e9largi \u00e0 la for\u00eat de Valbonne).<\/p>\n","protected":false},"author":1,"featured_media":0,"parent":0,"menu_order":0,"comment_status":"closed","ping_status":"closed","template":"","meta":{"om_disable_all_campaigns":false,"_monsterinsights_skip_tracking":false,"_monsterinsights_sitenote_active":false,"_monsterinsights_sitenote_note":"","_monsterinsights_sitenote_category":0,"footnotes":""},"class_list":["post-93","page","type-page","status-publish","hentry"],"aioseo_notices":[],"_links":{"self":[{"href":"https:\/\/carsan-nature.org\/index.php?rest_route=\/wp\/v2\/pages\/93","targetHints":{"allow":["GET"]}}],"collection":[{"href":"https:\/\/carsan-nature.org\/index.php?rest_route=\/wp\/v2\/pages"}],"about":[{"href":"https:\/\/carsan-nature.org\/index.php?rest_route=\/wp\/v2\/types\/page"}],"author":[{"embeddable":true,"href":"https:\/\/carsan-nature.org\/index.php?rest_route=\/wp\/v2\/users\/1"}],"replies":[{"embeddable":true,"href":"https:\/\/carsan-nature.org\/index.php?rest_route=%2Fwp%2Fv2%2Fcomments&post=93"}],"version-history":[{"count":2,"href":"https:\/\/carsan-nature.org\/index.php?rest_route=\/wp\/v2\/pages\/93\/revisions"}],"predecessor-version":[{"id":95,"href":"https:\/\/carsan-nature.org\/index.php?rest_route=\/wp\/v2\/pages\/93\/revisions\/95"}],"wp:attachment":[{"href":"https:\/\/carsan-nature.org\/index.php?rest_route=%2Fwp%2Fv2%2Fmedia&parent=93"}],"curies":[{"name":"wp","href":"https:\/\/api.w.org\/{rel}","templated":true}]}}