{"id":2,"date":"2026-02-16T14:19:06","date_gmt":"2026-02-16T13:19:06","guid":{"rendered":"https:\/\/carsan-nature.org\/?page_id=2"},"modified":"2026-03-25T09:52:43","modified_gmt":"2026-03-25T08:52:43","slug":"page-d-exemple","status":"publish","type":"page","link":"https:\/\/carsan-nature.org\/?page_id=2","title":{"rendered":"Le Projet"},"content":{"rendered":"\n<p><strong>Carsan-Nature<\/strong> est un projet gardois soutenu par l&rsquo;association \u00ab\u00a0<a href=\"https:\/\/oldfox.catalog.ovh\"><strong>Le Renard Mesquin<\/strong><\/a>\u00a0\u00bb situ\u00e9e dans un hameau de la commune de Carsan. Il consiste en l\u2019observation et l&rsquo;identification de la faune et la flore du territoire. Ce projet port\u00e9 par des amateurs b\u00e9n\u00e9voles se traduit par la tenue d\u2019un <strong><a href=\"https:\/\/lesphotosdurenard.catalog.ovh\/index.php\/le-journal\/\">Journal<\/a> <\/strong>d\u2019observations non exhaustif au fil des saisons tenu en 2025  et d&rsquo;un <strong><a href=\"https:\/\/carsan-nature.org\/blog\/\" data-type=\"page\" data-id=\"15\">Blog-journal <\/a> <\/strong> \u00e0 partir de 2026.<\/p>\n\n\n\n<p>Bienvenue en Provence occitane.<\/p>\n\n\n\n<p><strong>Pierre Pujuguet<\/strong>, co-animateur du projet et adh\u00e9rent LPO<\/p>\n\n\n\n<p><\/p>\n","protected":false},"excerpt":{"rendered":"<p>Carsan-Nature est un projet gardois soutenu par l&rsquo;association \u00ab\u00a0Le Renard Mesquin\u00a0\u00bb situ\u00e9e dans un hameau de la commune de Carsan. Il consiste en l\u2019observation et l&rsquo;identification de la faune et la flore du territoire. Ce projet port\u00e9 par des amateurs b\u00e9n\u00e9voles se traduit par la tenue d\u2019un Journal d\u2019observations non exhaustif au fil des saisons [&hellip;]<\/p>\n","protected":false},"author":1,"featured_media":0,"parent":0,"menu_order":0,"comment_status":"closed","ping_status":"closed","template":"","meta":{"om_disable_all_campaigns":false,"_monsterinsights_skip_tracking":false,"_monsterinsights_sitenote_active":false,"_monsterinsights_sitenote_note":"","_monsterinsights_sitenote_category":0,"footnotes":""},"class_list":["post-2","page","type-page","status-publish","hentry"],"aioseo_notices":[],"_links":{"self":[{"href":"https:\/\/carsan-nature.org\/index.php?rest_route=\/wp\/v2\/pages\/2","targetHints":{"allow":["GET"]}}],"collection":[{"href":"https:\/\/carsan-nature.org\/index.php?rest_route=\/wp\/v2\/pages"}],"about":[{"href":"https:\/\/carsan-nature.org\/index.php?rest_route=\/wp\/v2\/types\/page"}],"author":[{"embeddable":true,"href":"https:\/\/carsan-nature.org\/index.php?rest_route=\/wp\/v2\/users\/1"}],"replies":[{"embeddable":true,"href":"https:\/\/carsan-nature.org\/index.php?rest_route=%2Fwp%2Fv2%2Fcomments&post=2"}],"version-history":[{"count":5,"href":"https:\/\/carsan-nature.org\/index.php?rest_route=\/wp\/v2\/pages\/2\/revisions"}],"predecessor-version":[{"id":250,"href":"https:\/\/carsan-nature.org\/index.php?rest_route=\/wp\/v2\/pages\/2\/revisions\/250"}],"wp:attachment":[{"href":"https:\/\/carsan-nature.org\/index.php?rest_route=%2Fwp%2Fv2%2Fmedia&parent=2"}],"curies":[{"name":"wp","href":"https:\/\/api.w.org\/{rel}","templated":true}]}}